{"id":54968,"date":"2025-09-18T21:48:28","date_gmt":"2025-09-18T21:48:28","guid":{"rendered":"https:\/\/www.levrhealth.com\/19416-2\/ejemplo-centro-de-educacion\/"},"modified":"2025-09-18T21:49:23","modified_gmt":"2025-09-18T21:49:23","slug":"ejemplo-centro-de-educacion","status":"publish","type":"page","link":"https:\/\/www.levrhealth.com\/es\/19416-2\/ejemplo-centro-de-educacion\/","title":{"rendered":"Ejemplo Centro de Educaci\u00f3n"},"content":{"rendered":"<p>[et_pb_section fb_built=\u00bb1&#8243; theme_builder_area=\u00bbpost_content\u00bb _builder_version=\u00bb4.27.4&#8243; _module_preset=\u00bbdefault\u00bb da_is_popup=\u00bboff\u00bb da_exit_intent=\u00bboff\u00bb da_has_close=\u00bbon\u00bb da_alt_close=\u00bboff\u00bb da_dark_close=\u00bboff\u00bb da_not_modal=\u00bbon\u00bb da_is_singular=\u00bboff\u00bb da_with_loader=\u00bboff\u00bb da_has_shadow=\u00bbon\u00bb da_disable_devices=\u00bboff|off|off\u00bb][\/et_pb_section][et_pb_section fb_built=\u00bb1&#8243; specialty=\u00bbon\u00bb _builder_version=\u00bb4.27.4&#8243; _module_preset=\u00bbdefault\u00bb background_color=\u00bb#333333&#8243; parallax=\u00bbon\u00bb custom_padding=\u00bb||0px|||\u00bb da_disable_devices=\u00bboff|off|off\u00bb global_colors_info=\u00bb{}\u00bb global_module=\u00bb54880&#8243; theme_builder_area=\u00bbpost_content\u00bb da_is_popup=\u00bboff\u00bb da_exit_intent=\u00bboff\u00bb da_has_close=\u00bbon\u00bb da_alt_close=\u00bboff\u00bb da_dark_close=\u00bboff\u00bb da_not_modal=\u00bbon\u00bb da_is_singular=\u00bboff\u00bb da_with_loader=\u00bboff\u00bb da_has_shadow=\u00bbon\u00bb][et_pb_column type=\u00bb1_2&#8243; _builder_version=\u00bb4.16&#8243; custom_padding=\u00bb|||\u00bb global_colors_info=\u00bb{}\u00bb custom_padding__hover=\u00bb|||\u00bb theme_builder_area=\u00bbpost_content\u00bb][et_pb_video src=\u00bbhttps:\/\/youtu.be\/akinlNX5Amc\u00bb image_src=\u00bbhttps:\/\/www.levrhealth.com\/wp-content\/uploads\/2025\/08\/Education-Center_videos-09.png\u00bb _builder_version=\u00bb4.27.4&#8243; _module_preset=\u00bbdefault\u00bb global_colors_info=\u00bb{}\u00bb theme_builder_area=\u00bbpost_content\u00bb][\/et_pb_video][\/et_pb_column][et_pb_column type=\u00bb1_2&#8243; specialty_columns=\u00bb2&#8243; _builder_version=\u00bb4.16&#8243; custom_padding=\u00bb|||\u00bb global_colors_info=\u00bb{}\u00bb custom_padding__hover=\u00bb|||\u00bb theme_builder_area=\u00bbpost_content\u00bb][et_pb_row_inner _builder_version=\u00bb4.27.4&#8243; _module_preset=\u00bbdefault\u00bb custom_margin=\u00bb9px||9px||true|false\u00bb custom_margin_tablet=\u00bb9px||9px||true|false\u00bb custom_margin_phone=\u00bb|||0px|true|false\u00bb custom_margin_last_edited=\u00bbon|phone\u00bb custom_padding=\u00bb23px|||21px|false|false\u00bb border_radii=\u00bbon|20px|20px|20px|20px\u00bb border_color_all=\u00bb#FFFFFF\u00bb global_colors_info=\u00bb{}\u00bb theme_builder_area=\u00bbpost_content\u00bb][et_pb_column_inner saved_specialty_column_type=\u00bb1_2&#8243; _builder_version=\u00bb4.27.4&#8243; _module_preset=\u00bbdefault\u00bb global_colors_info=\u00bb{}\u00bb theme_builder_area=\u00bbpost_content\u00bb][et_pb_heading title=\u00bbEl PORTAL DE SALUD LEVR\u00bb _builder_version=\u00bb4.27.4&#8243; _module_preset=\u00bbdefault\u00bb title_level=\u00bbh2&#8243; title_font=\u00bb|600|||||||\u00bb title_text_color=\u00bb#0CB8ED\u00bb title_font_size=\u00bb16px\u00bb min_height=\u00bb10px\u00bb custom_margin=\u00bb||-1px||false|false\u00bb global_colors_info=\u00bb{}\u00bb theme_builder_area=\u00bbpost_content\u00bb][\/et_pb_heading][et_pb_heading title=\u00bbTODO EN EL MISMO SITIO\u00bb _builder_version=\u00bb4.27.4&#8243; _module_preset=\u00bbdefault\u00bb title_level=\u00bbh2&#8243; title_font=\u00bb|700|||||||\u00bb title_text_color=\u00bb#FFFFFF\u00bb min_height=\u00bb17px\u00bb global_colors_info=\u00bb{}\u00bb theme_builder_area=\u00bbpost_content\u00bb][\/et_pb_heading][et_pb_text _builder_version=\u00bb4.27.4&#8243; _module_preset=\u00bbdefault\u00bb text_text_color=\u00bb#FFFFFF\u00bb custom_margin_tablet=\u00bb\u00bb custom_margin_phone=\u00bb|60px|||false|false\u00bb custom_margin_last_edited=\u00bbon|phone\u00bb global_colors_info=\u00bb{}\u00bb theme_builder_area=\u00bbpost_content\u00bb]<\/p>\n<p data-prosemirror-content-type=\"node\" data-prosemirror-node-name=\"paragraph\" data-prosemirror-node-block=\"true\"><strong>Paso 1:<\/strong> Visita www.signin.levrhealth.com<\/p>\n<p data-prosemirror-content-type=\"node\" data-prosemirror-node-name=\"paragraph\" data-prosemirror-node-block=\"true\"><strong>Paso 2:<\/strong> Introduce la informaci\u00f3n solicitada para registrar tu cuenta, como tu nombre, correo electr\u00f3nico e ID LEVR<\/p>\n<p data-prosemirror-content-type=\"node\" data-prosemirror-node-name=\"paragraph\" data-prosemirror-node-block=\"true\">Si es tu primera vez, necesitar\u00e1s tu identificaci\u00f3n LEVR para registrar tu cuenta. Si no conoces tu ID, puedes solicitarlo aqu\u00ed en contact@levrhealth.com. <\/p>\n<p data-prosemirror-content-type=\"node\" data-prosemirror-node-name=\"paragraph\" data-prosemirror-node-block=\"true\"><strong>Consejo:<\/strong> Marca el portal en tu navegador para acceder f\u00e1cilmente.<\/p>\n<p data-prosemirror-content-type=\"node\" data-prosemirror-node-name=\"paragraph\" data-prosemirror-node-block=\"true\">[\/et_pb_text][\/et_pb_column_inner][\/et_pb_row_inner][\/et_pb_column][\/et_pb_section][et_pb_section fb_built=\u00bb1&#8243; specialty=\u00bbon\u00bb _builder_version=\u00bb4.27.4&#8243; _module_preset=\u00bbdefault\u00bb background_color=\u00bb#333333&#8243; parallax=\u00bbon\u00bb custom_padding=\u00bb||0px|||\u00bb da_disable_devices=\u00bboff|off|off\u00bb global_colors_info=\u00bb{}\u00bb global_module=\u00bb54880&#8243; theme_builder_area=\u00bbpost_content\u00bb da_is_popup=\u00bboff\u00bb da_exit_intent=\u00bboff\u00bb da_has_close=\u00bbon\u00bb da_alt_close=\u00bboff\u00bb da_dark_close=\u00bboff\u00bb da_not_modal=\u00bbon\u00bb da_is_singular=\u00bboff\u00bb da_with_loader=\u00bboff\u00bb da_has_shadow=\u00bbon\u00bb][et_pb_column type=\u00bb1_2&#8243; _builder_version=\u00bb4.16&#8243; custom_padding=\u00bb|||\u00bb global_colors_info=\u00bb{}\u00bb custom_padding__hover=\u00bb|||\u00bb theme_builder_area=\u00bbpost_content\u00bb][et_pb_video src=\u00bbhttps:\/\/youtu.be\/akinlNX5Amc\u00bb image_src=\u00bbhttps:\/\/www.levrhealth.com\/wp-content\/uploads\/2025\/08\/Education-Center_videos-09.png\u00bb _builder_version=\u00bb4.27.4&#8243; _module_preset=\u00bbdefault\u00bb global_colors_info=\u00bb{}\u00bb theme_builder_area=\u00bbpost_content\u00bb][\/et_pb_video][\/et_pb_column][et_pb_column type=\u00bb1_2&#8243; specialty_columns=\u00bb2&#8243; _builder_version=\u00bb4.16&#8243; custom_padding=\u00bb|||\u00bb global_colors_info=\u00bb{}\u00bb custom_padding__hover=\u00bb|||\u00bb theme_builder_area=\u00bbpost_content\u00bb][et_pb_row_inner _builder_version=\u00bb4.27.4&#8243; _module_preset=\u00bbdefault\u00bb custom_margin=\u00bb9px||9px||true|false\u00bb custom_margin_tablet=\u00bb9px||9px||true|false\u00bb custom_margin_phone=\u00bb|||0px|true|false\u00bb custom_margin_last_edited=\u00bbon|phone\u00bb custom_padding=\u00bb23px|||21px|false|false\u00bb border_radii=\u00bbon|20px|20px|20px|20px\u00bb border_color_all=\u00bb#FFFFFF\u00bb global_colors_info=\u00bb{}\u00bb theme_builder_area=\u00bbpost_content\u00bb][et_pb_column_inner saved_specialty_column_type=\u00bb1_2&#8243; _builder_version=\u00bb4.27.4&#8243; _module_preset=\u00bbdefault\u00bb global_colors_info=\u00bb{}\u00bb theme_builder_area=\u00bbpost_content\u00bb][et_pb_heading title=\u00bbEl PORTAL DE SALUD LEVR\u00bb _builder_version=\u00bb4.27.4&#8243; _module_preset=\u00bbdefault\u00bb title_level=\u00bbh2&#8243; title_font=\u00bb|600|||||||\u00bb title_text_color=\u00bb#0CB8ED\u00bb title_font_size=\u00bb16px\u00bb min_height=\u00bb10px\u00bb custom_margin=\u00bb||-1px||false|false\u00bb global_colors_info=\u00bb{}\u00bb theme_builder_area=\u00bbpost_content\u00bb][\/et_pb_heading][et_pb_heading title=\u00bbTODO EN EL MISMO SITIO\u00bb _builder_version=\u00bb4.27.4&#8243; _module_preset=\u00bbdefault\u00bb title_level=\u00bbh2&#8243; title_font=\u00bb|700|||||||\u00bb title_text_color=\u00bb#FFFFFF\u00bb min_height=\u00bb17px\u00bb global_colors_info=\u00bb{}\u00bb theme_builder_area=\u00bbpost_content\u00bb][\/et_pb_heading][et_pb_text _builder_version=\u00bb4.27.4&#8243; _module_preset=\u00bbdefault\u00bb text_text_color=\u00bb#FFFFFF\u00bb custom_margin_tablet=\u00bb\u00bb custom_margin_phone=\u00bb|60px|||false|false\u00bb custom_margin_last_edited=\u00bbon|phone\u00bb global_colors_info=\u00bb{}\u00bb theme_builder_area=\u00bbpost_content\u00bb]<\/p>\n<p data-prosemirror-content-type=\"node\" data-prosemirror-node-name=\"paragraph\" data-prosemirror-node-block=\"true\"><strong>Paso 1:<\/strong> Visita www.signin.levrhealth.com<\/p>\n<p data-prosemirror-content-type=\"node\" data-prosemirror-node-name=\"paragraph\" data-prosemirror-node-block=\"true\"><strong>Paso 2:<\/strong> Introduce la informaci\u00f3n solicitada para registrar tu cuenta, como tu nombre, correo electr\u00f3nico e ID LEVR<\/p>\n<p data-prosemirror-content-type=\"node\" data-prosemirror-node-name=\"paragraph\" data-prosemirror-node-block=\"true\">Si es tu primera vez, necesitar\u00e1s tu identificaci\u00f3n LEVR para registrar tu cuenta. Si no conoces tu ID, puedes solicitarlo aqu\u00ed en contact@levrhealth.com. <\/p>\n<p data-prosemirror-content-type=\"node\" data-prosemirror-node-name=\"paragraph\" data-prosemirror-node-block=\"true\"><strong>Consejo:<\/strong> Marca el portal en tu navegador para acceder f\u00e1cilmente.<\/p>\n<p data-prosemirror-content-type=\"node\" data-prosemirror-node-name=\"paragraph\" data-prosemirror-node-block=\"true\">[\/et_pb_text][\/et_pb_column_inner][\/et_pb_row_inner][\/et_pb_column][\/et_pb_section]<\/p>\n","protected":false},"excerpt":{"rendered":"<p>Paso 1: Visita www.signin.levrhealth.com Paso 2: Introduce la informaci\u00f3n solicitada para registrar tu cuenta, como tu nombre, correo electr\u00f3nico e ID LEVR Si es tu primera vez, necesitar\u00e1s tu identificaci\u00f3n LEVR para registrar tu cuenta. Si no conoces tu ID, puedes solicitarlo aqu\u00ed en contact@levrhealth.com. Consejo: Marca el portal en tu navegador para acceder f\u00e1cilmente. [&hellip;]<\/p>\n","protected":false},"author":4,"featured_media":0,"parent":19416,"menu_order":0,"comment_status":"closed","ping_status":"closed","template":"","meta":{"_et_pb_use_builder":"on","_et_pb_old_content":"","_et_gb_content_width":"","footnotes":""},"class_list":["post-54968","page","type-page","status-publish","hentry"],"yoast_head":"<!-- This site is optimized with the Yoast SEO plugin v27.3 - https:\/\/yoast.com\/product\/yoast-seo-wordpress\/ -->\n<title>Ejemplo Centro de Educaci\u00f3n - LEVR<\/title>\n<meta name=\"robots\" content=\"index, follow, max-snippet:-1, max-image-preview:large, max-video-preview:-1\" \/>\n<link rel=\"canonical\" href=\"https:\/\/www.levrhealth.com\/es\/19416-2\/ejemplo-centro-de-educacion\/\" \/>\n<meta property=\"og:locale\" content=\"es_ES\" \/>\n<meta property=\"og:type\" content=\"article\" \/>\n<meta property=\"og:title\" content=\"Ejemplo Centro de Educaci\u00f3n - LEVR\" \/>\n<meta property=\"og:description\" content=\"Paso 1: Visita www.signin.levrhealth.com Paso 2: Introduce la informaci\u00f3n solicitada para registrar tu cuenta, como tu nombre, correo electr\u00f3nico e ID LEVR Si es tu primera vez, necesitar\u00e1s tu identificaci\u00f3n LEVR para registrar tu cuenta. Si no conoces tu ID, puedes solicitarlo aqu\u00ed en contact@levrhealth.com. Consejo: Marca el portal en tu navegador para acceder f\u00e1cilmente. [&hellip;]\" \/>\n<meta property=\"og:url\" content=\"https:\/\/www.levrhealth.com\/es\/19416-2\/ejemplo-centro-de-educacion\/\" \/>\n<meta property=\"og:site_name\" content=\"LEVR\" \/>\n<meta property=\"article:publisher\" content=\"https:\/\/www.facebook.com\/p\/LEVR-Health-100088619153596\/\" \/>\n<meta property=\"article:modified_time\" content=\"2025-09-18T21:49:23+00:00\" \/>\n<meta name=\"twitter:card\" content=\"summary_large_image\" \/>\n<meta name=\"twitter:label1\" content=\"Tiempo de lectura\" \/>\n\t<meta name=\"twitter:data1\" content=\"5 minutos\" \/>\n<script type=\"application\/ld+json\" class=\"yoast-schema-graph\">{\"@context\":\"https:\\\/\\\/schema.org\",\"@graph\":[{\"@type\":\"WebPage\",\"@id\":\"https:\\\/\\\/www.levrhealth.com\\\/es\\\/19416-2\\\/ejemplo-centro-de-educacion\\\/\",\"url\":\"https:\\\/\\\/www.levrhealth.com\\\/es\\\/19416-2\\\/ejemplo-centro-de-educacion\\\/\",\"name\":\"Ejemplo Centro de Educaci\u00f3n - LEVR\",\"isPartOf\":{\"@id\":\"https:\\\/\\\/www.levrhealth.com\\\/es\\\/#website\"},\"datePublished\":\"2025-09-18T21:48:28+00:00\",\"dateModified\":\"2025-09-18T21:49:23+00:00\",\"breadcrumb\":{\"@id\":\"https:\\\/\\\/www.levrhealth.com\\\/es\\\/19416-2\\\/ejemplo-centro-de-educacion\\\/#breadcrumb\"},\"inLanguage\":\"es\",\"potentialAction\":[{\"@type\":\"ReadAction\",\"target\":[\"https:\\\/\\\/www.levrhealth.com\\\/es\\\/19416-2\\\/ejemplo-centro-de-educacion\\\/\"]}]},{\"@type\":\"BreadcrumbList\",\"@id\":\"https:\\\/\\\/www.levrhealth.com\\\/es\\\/19416-2\\\/ejemplo-centro-de-educacion\\\/#breadcrumb\",\"itemListElement\":[{\"@type\":\"ListItem\",\"position\":1,\"name\":\"Home\",\"item\":\"https:\\\/\\\/www.levrhealth.com\\\/es\\\/\"},{\"@type\":\"ListItem\",\"position\":2,\"name\":\"Protected: PLANTILLA: CENTRO EDUCATIVO\",\"item\":\"https:\\\/\\\/www.levrhealth.com\\\/es\\\/19416-2\\\/\"},{\"@type\":\"ListItem\",\"position\":3,\"name\":\"Ejemplo Centro de Educaci\u00f3n\"}]},{\"@type\":\"WebSite\",\"@id\":\"https:\\\/\\\/www.levrhealth.com\\\/es\\\/#website\",\"url\":\"https:\\\/\\\/www.levrhealth.com\\\/es\\\/\",\"name\":\"LEVR\",\"description\":\"Una mejor salud\",\"publisher\":{\"@id\":\"https:\\\/\\\/www.levrhealth.com\\\/es\\\/#organization\"},\"potentialAction\":[{\"@type\":\"SearchAction\",\"target\":{\"@type\":\"EntryPoint\",\"urlTemplate\":\"https:\\\/\\\/www.levrhealth.com\\\/es\\\/?s={search_term_string}\"},\"query-input\":{\"@type\":\"PropertyValueSpecification\",\"valueRequired\":true,\"valueName\":\"search_term_string\"}}],\"inLanguage\":\"es\"},{\"@type\":\"Organization\",\"@id\":\"https:\\\/\\\/www.levrhealth.com\\\/es\\\/#organization\",\"name\":\"LEVR\",\"url\":\"https:\\\/\\\/www.levrhealth.com\\\/es\\\/\",\"logo\":{\"@type\":\"ImageObject\",\"inLanguage\":\"es\",\"@id\":\"https:\\\/\\\/www.levrhealth.com\\\/es\\\/#\\\/schema\\\/logo\\\/image\\\/\",\"url\":\"https:\\\/\\\/www.levrhealth.com\\\/wp-content\\\/uploads\\\/2022\\\/12\\\/levr-hero-all-back-logo-all-white.png\",\"contentUrl\":\"https:\\\/\\\/www.levrhealth.com\\\/wp-content\\\/uploads\\\/2022\\\/12\\\/levr-hero-all-back-logo-all-white.png\",\"width\":2423,\"height\":689,\"caption\":\"LEVR\"},\"image\":{\"@id\":\"https:\\\/\\\/www.levrhealth.com\\\/es\\\/#\\\/schema\\\/logo\\\/image\\\/\"},\"sameAs\":[\"https:\\\/\\\/www.facebook.com\\\/p\\\/LEVR-Health-100088619153596\\\/\",\"https:\\\/\\\/www.linkedin.com\\\/company\\\/levr-health\",\"https:\\\/\\\/www.instagram.com\\\/levr.health\\\/\"]}]}<\/script>\n<!-- \/ Yoast SEO plugin. -->","yoast_head_json":{"title":"Ejemplo Centro de Educaci\u00f3n - LEVR","robots":{"index":"index","follow":"follow","max-snippet":"max-snippet:-1","max-image-preview":"max-image-preview:large","max-video-preview":"max-video-preview:-1"},"canonical":"https:\/\/www.levrhealth.com\/es\/19416-2\/ejemplo-centro-de-educacion\/","og_locale":"es_ES","og_type":"article","og_title":"Ejemplo Centro de Educaci\u00f3n - LEVR","og_description":"Paso 1: Visita www.signin.levrhealth.com Paso 2: Introduce la informaci\u00f3n solicitada para registrar tu cuenta, como tu nombre, correo electr\u00f3nico e ID LEVR Si es tu primera vez, necesitar\u00e1s tu identificaci\u00f3n LEVR para registrar tu cuenta. Si no conoces tu ID, puedes solicitarlo aqu\u00ed en contact@levrhealth.com. Consejo: Marca el portal en tu navegador para acceder f\u00e1cilmente. [&hellip;]","og_url":"https:\/\/www.levrhealth.com\/es\/19416-2\/ejemplo-centro-de-educacion\/","og_site_name":"LEVR","article_publisher":"https:\/\/www.facebook.com\/p\/LEVR-Health-100088619153596\/","article_modified_time":"2025-09-18T21:49:23+00:00","twitter_card":"summary_large_image","twitter_misc":{"Tiempo de lectura":"5 minutos"},"schema":{"@context":"https:\/\/schema.org","@graph":[{"@type":"WebPage","@id":"https:\/\/www.levrhealth.com\/es\/19416-2\/ejemplo-centro-de-educacion\/","url":"https:\/\/www.levrhealth.com\/es\/19416-2\/ejemplo-centro-de-educacion\/","name":"Ejemplo Centro de Educaci\u00f3n - LEVR","isPartOf":{"@id":"https:\/\/www.levrhealth.com\/es\/#website"},"datePublished":"2025-09-18T21:48:28+00:00","dateModified":"2025-09-18T21:49:23+00:00","breadcrumb":{"@id":"https:\/\/www.levrhealth.com\/es\/19416-2\/ejemplo-centro-de-educacion\/#breadcrumb"},"inLanguage":"es","potentialAction":[{"@type":"ReadAction","target":["https:\/\/www.levrhealth.com\/es\/19416-2\/ejemplo-centro-de-educacion\/"]}]},{"@type":"BreadcrumbList","@id":"https:\/\/www.levrhealth.com\/es\/19416-2\/ejemplo-centro-de-educacion\/#breadcrumb","itemListElement":[{"@type":"ListItem","position":1,"name":"Home","item":"https:\/\/www.levrhealth.com\/es\/"},{"@type":"ListItem","position":2,"name":"Protected: PLANTILLA: CENTRO EDUCATIVO","item":"https:\/\/www.levrhealth.com\/es\/19416-2\/"},{"@type":"ListItem","position":3,"name":"Ejemplo Centro de Educaci\u00f3n"}]},{"@type":"WebSite","@id":"https:\/\/www.levrhealth.com\/es\/#website","url":"https:\/\/www.levrhealth.com\/es\/","name":"LEVR","description":"Una mejor salud","publisher":{"@id":"https:\/\/www.levrhealth.com\/es\/#organization"},"potentialAction":[{"@type":"SearchAction","target":{"@type":"EntryPoint","urlTemplate":"https:\/\/www.levrhealth.com\/es\/?s={search_term_string}"},"query-input":{"@type":"PropertyValueSpecification","valueRequired":true,"valueName":"search_term_string"}}],"inLanguage":"es"},{"@type":"Organization","@id":"https:\/\/www.levrhealth.com\/es\/#organization","name":"LEVR","url":"https:\/\/www.levrhealth.com\/es\/","logo":{"@type":"ImageObject","inLanguage":"es","@id":"https:\/\/www.levrhealth.com\/es\/#\/schema\/logo\/image\/","url":"https:\/\/www.levrhealth.com\/wp-content\/uploads\/2022\/12\/levr-hero-all-back-logo-all-white.png","contentUrl":"https:\/\/www.levrhealth.com\/wp-content\/uploads\/2022\/12\/levr-hero-all-back-logo-all-white.png","width":2423,"height":689,"caption":"LEVR"},"image":{"@id":"https:\/\/www.levrhealth.com\/es\/#\/schema\/logo\/image\/"},"sameAs":["https:\/\/www.facebook.com\/p\/LEVR-Health-100088619153596\/","https:\/\/www.linkedin.com\/company\/levr-health","https:\/\/www.instagram.com\/levr.health\/"]}]}},"_links":{"self":[{"href":"https:\/\/www.levrhealth.com\/es\/wp-json\/wp\/v2\/pages\/54968","targetHints":{"allow":["GET"]}}],"collection":[{"href":"https:\/\/www.levrhealth.com\/es\/wp-json\/wp\/v2\/pages"}],"about":[{"href":"https:\/\/www.levrhealth.com\/es\/wp-json\/wp\/v2\/types\/page"}],"author":[{"embeddable":true,"href":"https:\/\/www.levrhealth.com\/es\/wp-json\/wp\/v2\/users\/4"}],"replies":[{"embeddable":true,"href":"https:\/\/www.levrhealth.com\/es\/wp-json\/wp\/v2\/comments?post=54968"}],"version-history":[{"count":0,"href":"https:\/\/www.levrhealth.com\/es\/wp-json\/wp\/v2\/pages\/54968\/revisions"}],"up":[{"embeddable":true,"href":"https:\/\/www.levrhealth.com\/es\/wp-json\/wp\/v2\/pages\/19416"}],"wp:attachment":[{"href":"https:\/\/www.levrhealth.com\/es\/wp-json\/wp\/v2\/media?parent=54968"}],"curies":[{"name":"wp","href":"https:\/\/api.w.org\/{rel}","templated":true}]}}